{"id":14534,"date":"2024-08-11T11:47:47","date_gmt":"2024-08-11T11:47:47","guid":{"rendered":"https:\/\/myhome1.tangiblewp.com\/?page_id=14534"},"modified":"2024-08-11T11:50:25","modified_gmt":"2024-08-11T11:50:25","slug":"temp","status":"publish","type":"page","link":"https:\/\/megacity.com.tr\/en\/temp\/","title":{"rendered":"temp"},"content":{"rendered":"<div data-elementor-type=\"wp-page\" data-elementor-id=\"14534\" class=\"elementor elementor-14534\">\n\t\t\t\t<div class=\"elementor-element elementor-element-f4073bc e-flex e-con-boxed e-con e-parent\" data-id=\"f4073bc\" data-element_type=\"container\" data-e-type=\"container\">\n\t\t\t\t\t<div class=\"e-con-inner\">\n\t\t\t\t<div class=\"elementor-element elementor-element-57a7328 elementor-widget elementor-widget-mh_heading\" data-id=\"57a7328\" data-element_type=\"widget\" data-e-type=\"widget\" data-widget_type=\"mh_heading.default\">\n\t\t\t\t<div class=\"elementor-widget-container\">\n\t\t\t\t\t<div\n                    class=\"myhome-heading-wrapper\"\n        >\n    <div class=\"myhome-heading myhome-heading--center myhome-heading--tablet-center myhome-heading--mobile-center\">\n                    <h3 class=\"myhome-heading__small-text\">\n                Example Small Heading            <\/h3>\n        \n        <h2 class=\"myhome-heading__text\">\n            Example Heading        <\/h2>\n    <\/div>\n\n    <\/div>\t\t\t\t<\/div>\n\t\t\t\t<\/div>\n\t\t\t\t<div class=\"elementor-element elementor-element-d1a2727 elementor-widget elementor-widget-mh_blog_post_list\" data-id=\"d1a2727\" data-element_type=\"widget\" data-e-type=\"widget\" data-widget_type=\"mh_blog_post_list.default\">\n\t\t\t\t<div class=\"elementor-widget-container\">\n\t\t\t\t\t<div class=\"myhome-blog-post-list\">\n    <a\n        class=\"myhome-blog-post-card-v5\"\n        href=\"https:\/\/megacity.com.tr\/en\/yeni-bir-ev-alirken-dikkat-edilmesi-gereken-5-kritik-faktor\/\"\n>\n    <div class=\"myhome-blog-post-card-v5__image\">\n                    <img decoding=\"async\"\n                    class=\"lazyload\"\n                    src=\"data:image\/png;base64,iVBORw0KGgoAAAANSUhEUgAAAAMAAAACCAQAAAA3fa6RAAAADklEQVR42mNkAANGCAUAACMAA2w\/AMgAAAAASUVORK5CYII=\"\n                    alt=\"Yeni Bir Ev Al\u0131rken Dikkat Edilmesi Gereken 5 Kritik Fakt\u00f6r\"\n                    style=\"aspect-ratio: 360 \/ 240;\"\n                                    data-srcset=\"https:\/\/megacity.com.tr\/wp-content\/uploads\/2024\/04\/blog-1-360x240.jpeg 360w, https:\/\/megacity.com.tr\/wp-content\/uploads\/2024\/04\/blog-1-300x200.jpeg 300w, https:\/\/megacity.com.tr\/wp-content\/uploads\/2024\/04\/blog-1-1024x683.jpeg 1024w, https:\/\/megacity.com.tr\/wp-content\/uploads\/2024\/04\/blog-1-768x512.jpeg 768w, https:\/\/megacity.com.tr\/wp-content\/uploads\/2024\/04\/blog-1-1536x1024.jpeg 1536w, https:\/\/megacity.com.tr\/wp-content\/uploads\/2024\/04\/blog-1-720x480.jpeg 720w, https:\/\/megacity.com.tr\/wp-content\/uploads\/2024\/04\/blog-1-750x500.jpeg 750w, https:\/\/megacity.com.tr\/wp-content\/uploads\/2024\/04\/blog-1.jpeg 1672w\"\n                    data-sizes=\"auto\"\n                            >\n            <\/div>\n\n    <div class=\"myhome-blog-post-card-v5__content\">\n        <h3 class=\"myhome-blog-post-card-v5__heading myhome-blog-post-card-heading-selector\">\n            5 Critical Factors to Consider When Buying a New Home        <\/h3>\n\n                    <div class=\"myhome-blog-post-card-v5__meta\">\n                                    <div class=\"myhome-blog-post-card-v5__meta-value myhome-blog-post-card-meta-selector\">\n                                                    <div class=\"myhome-blog-post-card-v5__avatar\">\n                                <img decoding=\"async\"\n                                        class=\"lazyload\"\n                                        src=\"data:image\/png;base64,iVBORw0KGgoAAAANSUhEUgAAAAMAAAACCAQAAAA3fa6RAAAADklEQVR42mNkAANGCAUAACMAA2w\/AMgAAAAASUVORK5CYII=\"\n                                        data-src=\"https:\/\/megacity.com.tr\/wp-content\/uploads\/2025\/01\/Adsiz-tasarim-49-100x100.png\"\n                                        alt=\"Zafer Ero\u011flu\"\n                                >\n                            <\/div>\n                        \n                        Zafer Eroglu                    <\/div>\n                \n                                    <div class=\"myhome-blog-post-card-v5__meta-value\">\n                        <div class=\"myhome-blog-post-card-v5__icon\">\n                            <svg xmlns=\"http:\/\/www.w3.org\/2000\/svg\" viewbox=\"0 0 448 512\">\n                                <!--!Font Awesome Free 6.6.0 by @fontawesome - https:\/\/fontawesome.com License - https:\/\/fontawesome.com\/license\/free Copyright 2024 Fonticons, Inc.-->\n                                <path d=\"M128 0c17.7 0 32 14.3 32 32l0 32 128 0 0-32c0-17.7 14.3-32 32-32s32 14.3 32 32l0 32 48 0c26.5 0 48 21.5 48 48l0 48L0 160l0-48C0 85.5 21.5 64 48 64l48 0 0-32c0-17.7 14.3-32 32-32zM0 192l448 0 0 272c0 26.5-21.5 48-48 48L48 512c-26.5 0-48-21.5-48-48L0 192zm64 80l0 32c0 8.8 7.2 16 16 16l32 0c8.8 0 16-7.2 16-16l0-32c0-8.8-7.2-16-16-16l-32 0c-8.8 0-16 7.2-16 16zm128 0l0 32c0 8.8 7.2 16 16 16l32 0c8.8 0 16-7.2 16-16l0-32c0-8.8-7.2-16-16-16l-32 0c-8.8 0-16 7.2-16 16zm144-16c-8.8 0-16 7.2-16 16l0 32c0 8.8 7.2 16 16 16l32 0c8.8 0 16-7.2 16-16l0-32c0-8.8-7.2-16-16-16l-32 0zM64 400l0 32c0 8.8 7.2 16 16 16l32 0c8.8 0 16-7.2 16-16l0-32c0-8.8-7.2-16-16-16l-32 0c-8.8 0-16 7.2-16 16zm144-16c-8.8 0-16 7.2-16 16l0 32c0 8.8 7.2 16 16 16l32 0c8.8 0 16-7.2 16-16l0-32c0-8.8-7.2-16-16-16l-32 0zm112 16l0 32c0 8.8 7.2 16 16 16l32 0c8.8 0 16-7.2 16-16l0-32c0-8.8-7.2-16-16-16l-32 0c-8.8 0-16 7.2-16 16z\"\/>\n                            <\/svg>\n                        <\/div>\n\n                        April 21, 2024                    <\/div>\n                            <\/div>\n        \n        <div class=\"myhome-blog-post-card-v5__text myhome-blog-post-card-text-selector\">\n            Tempor incididunt ut laboret dolore magna aliquaut enimad mini veniam quis nostrud exrciton. Lorem ipsum dolor sit amet, consectetur adipisicing elit sed eiusmod tempor incidididunt labore dolore magna aliqua quis nostrud.        <\/div>\n    <\/div>\n<\/a>\n<a\n        class=\"myhome-blog-post-card-v5\"\n        href=\"https:\/\/megacity.com.tr\/en\/daire-satin-alinirken-nelere-dikkat-edilmeli\/\"\n>\n    <div class=\"myhome-blog-post-card-v5__image\">\n                    <img decoding=\"async\"\n                    class=\"lazyload\"\n                    src=\"data:image\/png;base64,iVBORw0KGgoAAAANSUhEUgAAAAMAAAACCAQAAAA3fa6RAAAADklEQVR42mNkAANGCAUAACMAA2w\/AMgAAAAASUVORK5CYII=\"\n                    alt=\"Daire Sat\u0131n Al\u0131n\u0131rken Nelere Dikkat Edilmeli?\"\n                    style=\"aspect-ratio: 360 \/ 240;\"\n                                    data-srcset=\"https:\/\/megacity.com.tr\/wp-content\/uploads\/2024\/04\/blog-2-360x240.jpeg 360w, https:\/\/megacity.com.tr\/wp-content\/uploads\/2024\/04\/blog-2-300x200.jpeg 300w, https:\/\/megacity.com.tr\/wp-content\/uploads\/2024\/04\/blog-2-1024x683.jpeg 1024w, https:\/\/megacity.com.tr\/wp-content\/uploads\/2024\/04\/blog-2-768x512.jpeg 768w, https:\/\/megacity.com.tr\/wp-content\/uploads\/2024\/04\/blog-2-1536x1024.jpeg 1536w, https:\/\/megacity.com.tr\/wp-content\/uploads\/2024\/04\/blog-2-720x480.jpeg 720w, https:\/\/megacity.com.tr\/wp-content\/uploads\/2024\/04\/blog-2-750x500.jpeg 750w, https:\/\/megacity.com.tr\/wp-content\/uploads\/2024\/04\/blog-2.jpeg 1672w\"\n                    data-sizes=\"auto\"\n                            >\n            <\/div>\n\n    <div class=\"myhome-blog-post-card-v5__content\">\n        <h3 class=\"myhome-blog-post-card-v5__heading myhome-blog-post-card-heading-selector\">\n            What to Consider When Buying an Apartment?        <\/h3>\n\n                    <div class=\"myhome-blog-post-card-v5__meta\">\n                                    <div class=\"myhome-blog-post-card-v5__meta-value myhome-blog-post-card-meta-selector\">\n                                                    <div class=\"myhome-blog-post-card-v5__avatar\">\n                                <img decoding=\"async\"\n                                        class=\"lazyload\"\n                                        src=\"data:image\/png;base64,iVBORw0KGgoAAAANSUhEUgAAAAMAAAACCAQAAAA3fa6RAAAADklEQVR42mNkAANGCAUAACMAA2w\/AMgAAAAASUVORK5CYII=\"\n                                        data-src=\"https:\/\/megacity.com.tr\/wp-content\/uploads\/2025\/01\/Adsiz-tasarim-49-100x100.png\"\n                                        alt=\"Zafer Ero\u011flu\"\n                                >\n                            <\/div>\n                        \n                        Zafer Eroglu                    <\/div>\n                \n                                    <div class=\"myhome-blog-post-card-v5__meta-value\">\n                        <div class=\"myhome-blog-post-card-v5__icon\">\n                            <svg xmlns=\"http:\/\/www.w3.org\/2000\/svg\" viewbox=\"0 0 448 512\">\n                                <!--!Font Awesome Free 6.6.0 by @fontawesome - https:\/\/fontawesome.com License - https:\/\/fontawesome.com\/license\/free Copyright 2024 Fonticons, Inc.-->\n                                <path d=\"M128 0c17.7 0 32 14.3 32 32l0 32 128 0 0-32c0-17.7 14.3-32 32-32s32 14.3 32 32l0 32 48 0c26.5 0 48 21.5 48 48l0 48L0 160l0-48C0 85.5 21.5 64 48 64l48 0 0-32c0-17.7 14.3-32 32-32zM0 192l448 0 0 272c0 26.5-21.5 48-48 48L48 512c-26.5 0-48-21.5-48-48L0 192zm64 80l0 32c0 8.8 7.2 16 16 16l32 0c8.8 0 16-7.2 16-16l0-32c0-8.8-7.2-16-16-16l-32 0c-8.8 0-16 7.2-16 16zm128 0l0 32c0 8.8 7.2 16 16 16l32 0c8.8 0 16-7.2 16-16l0-32c0-8.8-7.2-16-16-16l-32 0c-8.8 0-16 7.2-16 16zm144-16c-8.8 0-16 7.2-16 16l0 32c0 8.8 7.2 16 16 16l32 0c8.8 0 16-7.2 16-16l0-32c0-8.8-7.2-16-16-16l-32 0zM64 400l0 32c0 8.8 7.2 16 16 16l32 0c8.8 0 16-7.2 16-16l0-32c0-8.8-7.2-16-16-16l-32 0c-8.8 0-16 7.2-16 16zm144-16c-8.8 0-16 7.2-16 16l0 32c0 8.8 7.2 16 16 16l32 0c8.8 0 16-7.2 16-16l0-32c0-8.8-7.2-16-16-16l-32 0zm112 16l0 32c0 8.8 7.2 16 16 16l32 0c8.8 0 16-7.2 16-16l0-32c0-8.8-7.2-16-16-16l-32 0c-8.8 0-16 7.2-16 16z\"\/>\n                            <\/svg>\n                        <\/div>\n\n                        April 21, 2024                    <\/div>\n                            <\/div>\n        \n        <div class=\"myhome-blog-post-card-v5__text myhome-blog-post-card-text-selector\">\n            Tempor incididunt ut laboret dolore magna aliquaut enimad mini veniam quis nostrud exrciton. Lorem ipsum dolor sit amet, consectetur adipisicing elit sed eiusmod tempor incidididunt labore dolore magna aliqua quis nostrud.        <\/div>\n    <\/div>\n<\/a>\n<a\n        class=\"myhome-blog-post-card-v5\"\n        href=\"https:\/\/megacity.com.tr\/en\/emlak-yatiriminda-karar-vermeden-once-sormaniz-gerekenler\/\"\n>\n    <div class=\"myhome-blog-post-card-v5__image\">\n                    <img decoding=\"async\"\n                    class=\"lazyload\"\n                    src=\"data:image\/png;base64,iVBORw0KGgoAAAANSUhEUgAAAAMAAAACCAQAAAA3fa6RAAAADklEQVR42mNkAANGCAUAACMAA2w\/AMgAAAAASUVORK5CYII=\"\n                    alt=\"Emlak Yat\u0131r\u0131m\u0131nda Karar Vermeden \u00d6nce Sorman\u0131z Gereken Sorular\"\n                    style=\"aspect-ratio: 360 \/ 240;\"\n                                    data-srcset=\"https:\/\/megacity.com.tr\/wp-content\/uploads\/2024\/04\/blog-4-360x240.jpeg 360w, https:\/\/megacity.com.tr\/wp-content\/uploads\/2024\/04\/blog-4-300x200.jpeg 300w, https:\/\/megacity.com.tr\/wp-content\/uploads\/2024\/04\/blog-4-1024x683.jpeg 1024w, https:\/\/megacity.com.tr\/wp-content\/uploads\/2024\/04\/blog-4-768x512.jpeg 768w, https:\/\/megacity.com.tr\/wp-content\/uploads\/2024\/04\/blog-4-1536x1024.jpeg 1536w, https:\/\/megacity.com.tr\/wp-content\/uploads\/2024\/04\/blog-4-720x480.jpeg 720w, https:\/\/megacity.com.tr\/wp-content\/uploads\/2024\/04\/blog-4-750x500.jpeg 750w, https:\/\/megacity.com.tr\/wp-content\/uploads\/2024\/04\/blog-4.jpeg 1672w\"\n                    data-sizes=\"auto\"\n                            >\n            <\/div>\n\n    <div class=\"myhome-blog-post-card-v5__content\">\n        <h3 class=\"myhome-blog-post-card-v5__heading myhome-blog-post-card-heading-selector\">\n            Questions to Ask Before Making a Real Estate Investment Decision        <\/h3>\n\n                    <div class=\"myhome-blog-post-card-v5__meta\">\n                                    <div class=\"myhome-blog-post-card-v5__meta-value myhome-blog-post-card-meta-selector\">\n                                                    <div class=\"myhome-blog-post-card-v5__avatar\">\n                                <img decoding=\"async\"\n                                        class=\"lazyload\"\n                                        src=\"data:image\/png;base64,iVBORw0KGgoAAAANSUhEUgAAAAMAAAACCAQAAAA3fa6RAAAADklEQVR42mNkAANGCAUAACMAA2w\/AMgAAAAASUVORK5CYII=\"\n                                        data-src=\"https:\/\/megacity.com.tr\/wp-content\/uploads\/2025\/01\/Adsiz-tasarim-49-100x100.png\"\n                                        alt=\"Zafer Ero\u011flu\"\n                                >\n                            <\/div>\n                        \n                        Zafer Eroglu                    <\/div>\n                \n                                    <div class=\"myhome-blog-post-card-v5__meta-value\">\n                        <div class=\"myhome-blog-post-card-v5__icon\">\n                            <svg xmlns=\"http:\/\/www.w3.org\/2000\/svg\" viewbox=\"0 0 448 512\">\n                                <!--!Font Awesome Free 6.6.0 by @fontawesome - https:\/\/fontawesome.com License - https:\/\/fontawesome.com\/license\/free Copyright 2024 Fonticons, Inc.-->\n                                <path d=\"M128 0c17.7 0 32 14.3 32 32l0 32 128 0 0-32c0-17.7 14.3-32 32-32s32 14.3 32 32l0 32 48 0c26.5 0 48 21.5 48 48l0 48L0 160l0-48C0 85.5 21.5 64 48 64l48 0 0-32c0-17.7 14.3-32 32-32zM0 192l448 0 0 272c0 26.5-21.5 48-48 48L48 512c-26.5 0-48-21.5-48-48L0 192zm64 80l0 32c0 8.8 7.2 16 16 16l32 0c8.8 0 16-7.2 16-16l0-32c0-8.8-7.2-16-16-16l-32 0c-8.8 0-16 7.2-16 16zm128 0l0 32c0 8.8 7.2 16 16 16l32 0c8.8 0 16-7.2 16-16l0-32c0-8.8-7.2-16-16-16l-32 0c-8.8 0-16 7.2-16 16zm144-16c-8.8 0-16 7.2-16 16l0 32c0 8.8 7.2 16 16 16l32 0c8.8 0 16-7.2 16-16l0-32c0-8.8-7.2-16-16-16l-32 0zM64 400l0 32c0 8.8 7.2 16 16 16l32 0c8.8 0 16-7.2 16-16l0-32c0-8.8-7.2-16-16-16l-32 0c-8.8 0-16 7.2-16 16zm144-16c-8.8 0-16 7.2-16 16l0 32c0 8.8 7.2 16 16 16l32 0c8.8 0 16-7.2 16-16l0-32c0-8.8-7.2-16-16-16l-32 0zm112 16l0 32c0 8.8 7.2 16 16 16l32 0c8.8 0 16-7.2 16-16l0-32c0-8.8-7.2-16-16-16l-32 0c-8.8 0-16 7.2-16 16z\"\/>\n                            <\/svg>\n                        <\/div>\n\n                        July 24, 2021                    <\/div>\n                            <\/div>\n        \n        <div class=\"myhome-blog-post-card-v5__text myhome-blog-post-card-text-selector\">\n            Tempor incididunt ut laboret dolore magna aliquaut enimad mini veniam quis nostrud exrciton. Lorem ipsum dolor sit amet, consectetur adipisicing elit sed eiusmod tempor incidididunt labore dolore magna aliqua quis nostrud.        <\/div>\n    <\/div>\n<\/a>\n<a\n        class=\"myhome-blog-post-card-v5\"\n        href=\"https:\/\/megacity.com.tr\/en\/istanbulda-satilik-daire-alirken-dikkat-etmeniz-gereken-7-sey\/\"\n>\n    <div class=\"myhome-blog-post-card-v5__image\">\n                    <img decoding=\"async\"\n                    class=\"lazyload\"\n                    src=\"data:image\/png;base64,iVBORw0KGgoAAAANSUhEUgAAAAMAAAACCAQAAAA3fa6RAAAADklEQVR42mNkAANGCAUAACMAA2w\/AMgAAAAASUVORK5CYII=\"\n                    alt=\"\u0130stanbul\u2019da Sat\u0131l\u0131k Daire Al\u0131rken Dikkat Etmeniz Gereken 7 \u015eey\"\n                    style=\"aspect-ratio: 360 \/ 240;\"\n                                    data-srcset=\"https:\/\/megacity.com.tr\/wp-content\/uploads\/2025\/01\/Adsiz-tasarim-51-360x240.png 360w, https:\/\/megacity.com.tr\/wp-content\/uploads\/2025\/01\/Adsiz-tasarim-51-720x480.png 720w, https:\/\/megacity.com.tr\/wp-content\/uploads\/2025\/01\/Adsiz-tasarim-51-750x500.png 750w\"\n                    data-sizes=\"auto\"\n                            >\n            <\/div>\n\n    <div class=\"myhome-blog-post-card-v5__content\">\n        <h3 class=\"myhome-blog-post-card-v5__heading myhome-blog-post-card-heading-selector\">\n            7 Things to Consider When Buying an Apartment for Sale in Istanbul        <\/h3>\n\n                    <div class=\"myhome-blog-post-card-v5__meta\">\n                                    <div class=\"myhome-blog-post-card-v5__meta-value myhome-blog-post-card-meta-selector\">\n                                                    <div class=\"myhome-blog-post-card-v5__avatar\">\n                                <img decoding=\"async\"\n                                        class=\"lazyload\"\n                                        src=\"data:image\/png;base64,iVBORw0KGgoAAAANSUhEUgAAAAMAAAACCAQAAAA3fa6RAAAADklEQVR42mNkAANGCAUAACMAA2w\/AMgAAAAASUVORK5CYII=\"\n                                        data-src=\"https:\/\/megacity.com.tr\/wp-content\/uploads\/2025\/01\/Adsiz-tasarim-49-100x100.png\"\n                                        alt=\"Zafer Ero\u011flu\"\n                                >\n                            <\/div>\n                        \n                        Zafer Eroglu                    <\/div>\n                \n                                    <div class=\"myhome-blog-post-card-v5__meta-value\">\n                        <div class=\"myhome-blog-post-card-v5__icon\">\n                            <svg xmlns=\"http:\/\/www.w3.org\/2000\/svg\" viewbox=\"0 0 448 512\">\n                                <!--!Font Awesome Free 6.6.0 by @fontawesome - https:\/\/fontawesome.com License - https:\/\/fontawesome.com\/license\/free Copyright 2024 Fonticons, Inc.-->\n                                <path d=\"M128 0c17.7 0 32 14.3 32 32l0 32 128 0 0-32c0-17.7 14.3-32 32-32s32 14.3 32 32l0 32 48 0c26.5 0 48 21.5 48 48l0 48L0 160l0-48C0 85.5 21.5 64 48 64l48 0 0-32c0-17.7 14.3-32 32-32zM0 192l448 0 0 272c0 26.5-21.5 48-48 48L48 512c-26.5 0-48-21.5-48-48L0 192zm64 80l0 32c0 8.8 7.2 16 16 16l32 0c8.8 0 16-7.2 16-16l0-32c0-8.8-7.2-16-16-16l-32 0c-8.8 0-16 7.2-16 16zm128 0l0 32c0 8.8 7.2 16 16 16l32 0c8.8 0 16-7.2 16-16l0-32c0-8.8-7.2-16-16-16l-32 0c-8.8 0-16 7.2-16 16zm144-16c-8.8 0-16 7.2-16 16l0 32c0 8.8 7.2 16 16 16l32 0c8.8 0 16-7.2 16-16l0-32c0-8.8-7.2-16-16-16l-32 0zM64 400l0 32c0 8.8 7.2 16 16 16l32 0c8.8 0 16-7.2 16-16l0-32c0-8.8-7.2-16-16-16l-32 0c-8.8 0-16 7.2-16 16zm144-16c-8.8 0-16 7.2-16 16l0 32c0 8.8 7.2 16 16 16l32 0c8.8 0 16-7.2 16-16l0-32c0-8.8-7.2-16-16-16l-32 0zm112 16l0 32c0 8.8 7.2 16 16 16l32 0c8.8 0 16-7.2 16-16l0-32c0-8.8-7.2-16-16-16l-32 0c-8.8 0-16 7.2-16 16z\"\/>\n                            <\/svg>\n                        <\/div>\n\n                        June 5, 2021                    <\/div>\n                            <\/div>\n        \n        <div class=\"myhome-blog-post-card-v5__text myhome-blog-post-card-text-selector\">\n            Tempor incididunt ut laboret dolore magna aliquaut enimad mini veniam quis nostrud exrciton. Lorem ipsum dolor sit amet, consectetur adipisicing elit sed eiusmod tempor incidididunt labore dolore magna aliqua quis nostrud.        <\/div>\n    <\/div>\n<\/a>\n<\/div>\t\t\t\t<\/div>\n\t\t\t\t<\/div>\n\t\t\t\t\t<\/div>\n\t\t\t\t<\/div>\n\t\t\t\t<\/div>","protected":false},"excerpt":{"rendered":"<p>Example Small Heading Example Heading How to Stage Your Home for a Quick Sale Sophia Nell April 21, 2024 Tempor incididunt ut laboret dolore magna aliquaut enimad mini veniam quis nostrud exrciton. Lorem ipsum dolor sit amet, consectetur adipisicing elit sed eiusmod tempor incididunt labore dolore magna aliqua quis nostrud. Tips for Finding Your Dream [&hellip;]<\/p>\n","protected":false},"author":1,"featured_media":0,"parent":0,"menu_order":0,"comment_status":"closed","ping_status":"closed","template":"","meta":{"footnotes":""},"class_list":["post-14534","page","type-page","status-publish","hentry"],"_links":{"self":[{"href":"https:\/\/megacity.com.tr\/en\/wp-json\/wp\/v2\/pages\/14534","targetHints":{"allow":["GET"]}}],"collection":[{"href":"https:\/\/megacity.com.tr\/en\/wp-json\/wp\/v2\/pages"}],"about":[{"href":"https:\/\/megacity.com.tr\/en\/wp-json\/wp\/v2\/types\/page"}],"author":[{"embeddable":true,"href":"https:\/\/megacity.com.tr\/en\/wp-json\/wp\/v2\/users\/1"}],"replies":[{"embeddable":true,"href":"https:\/\/megacity.com.tr\/en\/wp-json\/wp\/v2\/comments?post=14534"}],"version-history":[{"count":1,"href":"https:\/\/megacity.com.tr\/en\/wp-json\/wp\/v2\/pages\/14534\/revisions"}],"predecessor-version":[{"id":15990,"href":"https:\/\/megacity.com.tr\/en\/wp-json\/wp\/v2\/pages\/14534\/revisions\/15990"}],"wp:attachment":[{"href":"https:\/\/megacity.com.tr\/en\/wp-json\/wp\/v2\/media?parent=14534"}],"curies":[{"name":"wp","href":"https:\/\/api.w.org\/{rel}","templated":true}]}}