{"id":7548,"date":"2022-03-14T12:16:48","date_gmt":"2022-03-14T12:16:48","guid":{"rendered":"https:\/\/myhome1.tangiblewp.com\/?page_id=7548"},"modified":"2025-01-14T17:08:45","modified_gmt":"2025-01-14T14:08:45","slug":"hakkimizda","status":"publish","type":"page","link":"https:\/\/megacity.com.tr\/ar\/hakkimizda\/","title":{"rendered":"\u0646\u0628\u0630\u0629 \u0639\u0646\u0627"},"content":{"rendered":"<div data-elementor-type=\"wp-page\" data-elementor-id=\"7548\" class=\"elementor elementor-7548\">\n\t\t\t\t\t\t<section class=\"elementor-section elementor-top-section elementor-element elementor-element-4c3aa2a elementor-section-boxed elementor-section-height-default elementor-section-height-default\" data-id=\"4c3aa2a\" data-element_type=\"section\" data-e-type=\"section\" data-settings=\"{&quot;background_background&quot;:&quot;classic&quot;}\">\n\t\t\t\t\t\t\t<div class=\"elementor-background-overlay\"><\/div>\n\t\t\t\t\t\t\t<div class=\"elementor-container elementor-column-gap-default\">\n\t\t\t\t\t<div class=\"elementor-column elementor-col-100 elementor-top-column elementor-element elementor-element-4ee2e42\" data-id=\"4ee2e42\" data-element_type=\"column\" data-e-type=\"column\">\n\t\t\t<div class=\"elementor-widget-wrap elementor-element-populated\">\n\t\t\t\t\t\t<div class=\"elementor-element elementor-element-3c21fe7 elementor-widget elementor-widget-spacer\" data-id=\"3c21fe7\" data-element_type=\"widget\" data-e-type=\"widget\" data-widget_type=\"spacer.default\">\n\t\t\t\t<div class=\"elementor-widget-container\">\n\t\t\t\t\t\t\t<div class=\"elementor-spacer\">\n\t\t\t<div class=\"elementor-spacer-inner\"><\/div>\n\t\t<\/div>\n\t\t\t\t\t\t<\/div>\n\t\t\t\t<\/div>\n\t\t\t\t<div class=\"elementor-element elementor-element-d9ef715 elementor-widget elementor-widget-heading\" data-id=\"d9ef715\" data-element_type=\"widget\" data-e-type=\"widget\" data-widget_type=\"heading.default\">\n\t\t\t\t<div class=\"elementor-widget-container\">\n\t\t\t\t\t<h1 class=\"elementor-heading-title elementor-size-default\">\u0646\u0628\u0630\u0629 \u0639\u0646\u0627<\/h1>\t\t\t\t<\/div>\n\t\t\t\t<\/div>\n\t\t\t\t<div class=\"elementor-element elementor-element-adcf069 elementor-widget elementor-widget-spacer\" data-id=\"adcf069\" data-element_type=\"widget\" data-e-type=\"widget\" data-widget_type=\"spacer.default\">\n\t\t\t\t<div class=\"elementor-widget-container\">\n\t\t\t\t\t\t\t<div class=\"elementor-spacer\">\n\t\t\t<div class=\"elementor-spacer-inner\"><\/div>\n\t\t<\/div>\n\t\t\t\t\t\t<\/div>\n\t\t\t\t<\/div>\n\t\t\t\t\t<\/div>\n\t\t<\/div>\n\t\t\t\t\t<\/div>\n\t\t<\/section>\n\t\t\t\t<section class=\"elementor-section elementor-top-section elementor-element elementor-element-a6897fd elementor-section-boxed elementor-section-height-default elementor-section-height-default\" data-id=\"a6897fd\" data-element_type=\"section\" data-e-type=\"section\" data-settings=\"{&quot;background_background&quot;:&quot;classic&quot;}\">\n\t\t\t\t\t\t<div class=\"elementor-container elementor-column-gap-default\">\n\t\t\t\t\t<div class=\"elementor-column elementor-col-100 elementor-top-column elementor-element elementor-element-28b40e2\" data-id=\"28b40e2\" data-element_type=\"column\" data-e-type=\"column\">\n\t\t\t<div class=\"elementor-widget-wrap elementor-element-populated\">\n\t\t\t\t\t\t<div class=\"elementor-element elementor-element-3f16dd0 elementor-widget elementor-widget-spacer\" data-id=\"3f16dd0\" data-element_type=\"widget\" data-e-type=\"widget\" data-widget_type=\"spacer.default\">\n\t\t\t\t<div class=\"elementor-widget-container\">\n\t\t\t\t\t\t\t<div class=\"elementor-spacer\">\n\t\t\t<div class=\"elementor-spacer-inner\"><\/div>\n\t\t<\/div>\n\t\t\t\t\t\t<\/div>\n\t\t\t\t<\/div>\n\t\t\t\t<section class=\"elementor-section elementor-inner-section elementor-element elementor-element-2e34ba8 elementor-section-boxed elementor-section-height-default elementor-section-height-default\" data-id=\"2e34ba8\" data-element_type=\"section\" data-e-type=\"section\">\n\t\t\t\t\t\t<div class=\"elementor-container elementor-column-gap-default\">\n\t\t\t\t\t<div class=\"elementor-column elementor-col-50 elementor-inner-column elementor-element elementor-element-45f52be\" data-id=\"45f52be\" data-element_type=\"column\" data-e-type=\"column\">\n\t\t\t<div class=\"elementor-widget-wrap elementor-element-populated\">\n\t\t\t\t\t\t<div class=\"elementor-element elementor-element-e846398 elementor-widget elementor-widget-image\" data-id=\"e846398\" data-element_type=\"widget\" data-e-type=\"widget\" data-widget_type=\"image.default\">\n\t\t\t\t<div class=\"elementor-widget-container\">\n\t\t\t\t\t\t\t\t\t\t\t\t\t\t\t<img fetchpriority=\"high\" decoding=\"async\" width=\"900\" height=\"900\" src=\"https:\/\/megacity.com.tr\/wp-content\/uploads\/2025\/01\/Adsiz-tasarim-45.png\" class=\"attachment-large size-large wp-image-15822\" alt=\"\" srcset=\"https:\/\/megacity.com.tr\/wp-content\/uploads\/2025\/01\/Adsiz-tasarim-45.png 1024w, https:\/\/megacity.com.tr\/wp-content\/uploads\/2025\/01\/Adsiz-tasarim-45-300x300.png 300w, https:\/\/megacity.com.tr\/wp-content\/uploads\/2025\/01\/Adsiz-tasarim-45-150x150.png 150w, https:\/\/megacity.com.tr\/wp-content\/uploads\/2025\/01\/Adsiz-tasarim-45-768x768.png 768w, https:\/\/megacity.com.tr\/wp-content\/uploads\/2025\/01\/Adsiz-tasarim-45-100x100.png 100w, https:\/\/megacity.com.tr\/wp-content\/uploads\/2025\/01\/Adsiz-tasarim-45-400x400.png 400w\" sizes=\"(max-width: 900px) 100vw, 900px\" \/>\t\t\t\t\t\t\t\t\t\t\t\t\t\t\t<\/div>\n\t\t\t\t<\/div>\n\t\t\t\t\t<\/div>\n\t\t<\/div>\n\t\t\t\t<div class=\"elementor-column elementor-col-50 elementor-inner-column elementor-element elementor-element-cc42c68\" data-id=\"cc42c68\" data-element_type=\"column\" data-e-type=\"column\">\n\t\t\t<div class=\"elementor-widget-wrap elementor-element-populated\">\n\t\t\t\t\t\t<div class=\"elementor-element elementor-element-7d75cea elementor-widget elementor-widget-mh_heading\" data-id=\"7d75cea\" data-element_type=\"widget\" data-e-type=\"widget\" data-widget_type=\"mh_heading.default\">\n\t\t\t\t<div class=\"elementor-widget-container\">\n\t\t\t\t\t<div\n                    class=\"myhome-heading-wrapper\"\n        >\n    <div class=\"myhome-heading myhome-heading--left myhome-heading--tablet-center myhome-heading--mobile-center\">\n                    <h3 class=\"myhome-heading__small-text\">\n                \u0646\u0628\u0630\u0629 \u0639\u0646\u0627            <\/h3>\n        \n        <h2 class=\"myhome-heading__text\">\n            \u0639\u0642\u0627\u0631\u0627\u062a \u0627\u0644\u0645\u062f\u064a\u0646\u0629 \u0627\u0644\u0636\u062e\u0645\u0629        <\/h2>\n    <\/div>\n\n    <\/div>\t\t\t\t<\/div>\n\t\t\t\t<\/div>\n\t\t\t\t<div class=\"elementor-element elementor-element-858c918 elementor-widget elementor-widget-spacer\" data-id=\"858c918\" data-element_type=\"widget\" data-e-type=\"widget\" data-widget_type=\"spacer.default\">\n\t\t\t\t<div class=\"elementor-widget-container\">\n\t\t\t\t\t\t\t<div class=\"elementor-spacer\">\n\t\t\t<div class=\"elementor-spacer-inner\"><\/div>\n\t\t<\/div>\n\t\t\t\t\t\t<\/div>\n\t\t\t\t<\/div>\n\t\t\t\t<div class=\"elementor-element elementor-element-2733ac8 elementor-widget elementor-widget-text-editor\" data-id=\"2733ac8\" data-element_type=\"widget\" data-e-type=\"widget\" data-widget_type=\"text-editor.default\">\n\t\t\t\t<div class=\"elementor-widget-container\">\n\t\t\t\t\t\t\t\t\t<p>\u0648\u0628\u0635\u0641\u062a\u0646\u0627 \u0634\u0631\u0643\u0629 \u0645\u064a\u062c\u0627 \u0633\u064a\u062a\u064a \u0627\u0644\u0639\u0642\u0627\u0631\u064a\u0629\u060c \u0646\u0641\u062e\u0631 \u0628\u0623\u0646\u0646\u0627 \u0639\u0646\u0648\u0627\u0646 \u0627\u0644\u062b\u0642\u0629 \u0641\u064a \u0642\u0637\u0627\u0639 \u0627\u0644\u0639\u0642\u0627\u0631\u0627\u062a \u0628\u0641\u0636\u0644 \u0633\u0646\u0648\u0627\u062a \u062e\u0628\u0631\u062a\u0646\u0627 \u0627\u0644\u0637\u0648\u064a\u0644\u0629 \u0648\u0646\u0647\u062c\u0646\u0627 \u0627\u0644\u0630\u064a \u064a\u0631\u0643\u0632 \u0639\u0644\u0649 \u0625\u0631\u0636\u0627\u0621 \u0627\u0644\u0639\u0645\u0644\u0627\u0621. \u0648\u0628\u0641\u0636\u0644 \u0641\u0631\u064a\u0642 \u0639\u0645\u0644\u0646\u0627 \u0627\u0644\u0645\u062a\u062e\u0635\u0635 \u0641\u064a \u0627\u0644\u0639\u0642\u0627\u0631\u0627\u062a \u0627\u0644\u0633\u0643\u0646\u064a\u0629 \u0648\u0627\u0644\u062a\u062c\u0627\u0631\u064a\u0629 \u0648\u0627\u0644\u0623\u0631\u0627\u0636\u064a \u0648\u0627\u0644\u0645\u0634\u0627\u0631\u064a\u0639 \u0627\u0644\u0627\u0633\u062a\u062b\u0645\u0627\u0631\u064a\u0629\u060c \u0646\u0639\u0645\u0644 \u0639\u0644\u0649 \u062a\u062d\u0642\u064a\u0642 \u0623\u062d\u0644\u0627\u0645\u0643. \u0628\u0635\u0641\u062a\u0646\u0627 \u0634\u0631\u0643\u0629 \u0645\u064a\u062c\u0627 \u0633\u064a\u062a\u064a \u0627\u0644\u0639\u0642\u0627\u0631\u064a\u0629\u060c \u0646\u062d\u0646 \u0645\u0644\u062a\u0632\u0645\u0648\u0646 \u0628\u0623\u0646 \u0646\u0643\u0648\u0646 \u0644\u064a\u0633 \u0641\u0642\u0637 \u0645\u0633\u062a\u0634\u0627\u0631\u0627\u064b \u0639\u0642\u0627\u0631\u064a\u0627\u064b \u0628\u0644 \u0623\u064a\u0636\u0627\u064b \u0631\u0641\u064a\u0642\u0627\u064b \u0645\u0648\u062b\u0648\u0642\u0627\u064b \u0628\u0647. \u0646\u0631\u062d\u0628 \u0628\u0643 \u0641\u064a \u0645\u0643\u062a\u0628\u0646\u0627 \u0644\u062a\u0642\u062a\u0631\u0628 \u062e\u0637\u0648\u0629 \u0648\u0627\u062d\u062f\u0629 \u0645\u0646 \u0639\u0642\u0627\u0631 \u0623\u062d\u0644\u0627\u0645\u0643!<\/p>\t\t\t\t\t\t\t\t<\/div>\n\t\t\t\t<\/div>\n\t\t\t\t<div class=\"elementor-element elementor-element-5dd9aa3 elementor-widget elementor-widget-spacer\" data-id=\"5dd9aa3\" data-element_type=\"widget\" data-e-type=\"widget\" data-widget_type=\"spacer.default\">\n\t\t\t\t<div class=\"elementor-widget-container\">\n\t\t\t\t\t\t\t<div class=\"elementor-spacer\">\n\t\t\t<div class=\"elementor-spacer-inner\"><\/div>\n\t\t<\/div>\n\t\t\t\t\t\t<\/div>\n\t\t\t\t<\/div>\n\t\t\t\t<div class=\"elementor-element elementor-element-21e69ab elementor-widget elementor-widget-mh_button\" data-id=\"21e69ab\" data-element_type=\"widget\" data-e-type=\"widget\" data-widget_type=\"mh_button.default\">\n\t\t\t\t<div class=\"elementor-widget-container\">\n\t\t\t\t\t<div class=\"myhome-button-wrapper\">\n    <a\n            class=\"myhome-button myhome-button--primary-1\"\n            href=\"https:\/\/megacity.com.tr\/ar\/ekibimiz\/\"\n            title=\"\u0641\u0631\u064a\u0642\u0646\u0627\"\n    >\n        <span>\n            \u0641\u0631\u064a\u0642\u0646\u0627\n                    <\/span>\n    <\/a>\n<\/div>\t\t\t\t<\/div>\n\t\t\t\t<\/div>\n\t\t\t\t\t<\/div>\n\t\t<\/div>\n\t\t\t\t\t<\/div>\n\t\t<\/section>\n\t\t\t\t<div class=\"elementor-element elementor-element-13dbc1b elementor-widget elementor-widget-spacer\" data-id=\"13dbc1b\" data-element_type=\"widget\" data-e-type=\"widget\" data-widget_type=\"spacer.default\">\n\t\t\t\t<div class=\"elementor-widget-container\">\n\t\t\t\t\t\t\t<div class=\"elementor-spacer\">\n\t\t\t<div class=\"elementor-spacer-inner\"><\/div>\n\t\t<\/div>\n\t\t\t\t\t\t<\/div>\n\t\t\t\t<\/div>\n\t\t\t\t\t<\/div>\n\t\t<\/div>\n\t\t\t\t\t<\/div>\n\t\t<\/section>\n\t\t\t\t<section class=\"elementor-section elementor-top-section elementor-element elementor-element-a91dfe6 elementor-section-boxed elementor-section-height-default elementor-section-height-default\" data-id=\"a91dfe6\" data-element_type=\"section\" data-e-type=\"section\" data-settings=\"{&quot;background_background&quot;:&quot;classic&quot;}\">\n\t\t\t\t\t\t\t<div class=\"elementor-background-overlay\"><\/div>\n\t\t\t\t\t\t\t<div class=\"elementor-container elementor-column-gap-default\">\n\t\t\t\t\t<div class=\"elementor-column elementor-col-100 elementor-top-column elementor-element elementor-element-5ec682d\" data-id=\"5ec682d\" data-element_type=\"column\" data-e-type=\"column\">\n\t\t\t<div class=\"elementor-widget-wrap elementor-element-populated\">\n\t\t\t\t\t\t<div class=\"elementor-element elementor-element-9cea7cd elementor-widget elementor-widget-spacer\" data-id=\"9cea7cd\" data-element_type=\"widget\" data-e-type=\"widget\" data-widget_type=\"spacer.default\">\n\t\t\t\t<div class=\"elementor-widget-container\">\n\t\t\t\t\t\t\t<div class=\"elementor-spacer\">\n\t\t\t<div class=\"elementor-spacer-inner\"><\/div>\n\t\t<\/div>\n\t\t\t\t\t\t<\/div>\n\t\t\t\t<\/div>\n\t\t\t\t<section class=\"elementor-section elementor-inner-section elementor-element elementor-element-8e40569 elementor-section-boxed elementor-section-height-default elementor-section-height-default\" data-id=\"8e40569\" data-element_type=\"section\" data-e-type=\"section\">\n\t\t\t\t\t\t<div class=\"elementor-container elementor-column-gap-default\">\n\t\t\t\t\t<div class=\"elementor-column elementor-col-50 elementor-inner-column elementor-element elementor-element-fa5795d\" data-id=\"fa5795d\" data-element_type=\"column\" data-e-type=\"column\">\n\t\t\t<div class=\"elementor-widget-wrap elementor-element-populated\">\n\t\t\t\t\t\t<div class=\"elementor-element elementor-element-be226b9 elementor-widget-tablet__width-inherit elementor-widget elementor-widget-heading\" data-id=\"be226b9\" data-element_type=\"widget\" data-e-type=\"widget\" data-widget_type=\"heading.default\">\n\t\t\t\t<div class=\"elementor-widget-container\">\n\t\t\t\t\t<h3 class=\"elementor-heading-title elementor-size-default\">\u0645\u0643\u062a\u0628 \u0627\u0644\u0645\u0645\u062a\u0644\u0643\u0627\u062a \u0627\u0644\u0645\u0647\u0646\u064a\u0629<\/h3>\t\t\t\t<\/div>\n\t\t\t\t<\/div>\n\t\t\t\t<div class=\"elementor-element elementor-element-cb67e11 elementor-widget elementor-widget-spacer\" data-id=\"cb67e11\" data-element_type=\"widget\" data-e-type=\"widget\" data-widget_type=\"spacer.default\">\n\t\t\t\t<div class=\"elementor-widget-container\">\n\t\t\t\t\t\t\t<div class=\"elementor-spacer\">\n\t\t\t<div class=\"elementor-spacer-inner\"><\/div>\n\t\t<\/div>\n\t\t\t\t\t\t<\/div>\n\t\t\t\t<\/div>\n\t\t\t\t<div class=\"elementor-element elementor-element-f32ce50 elementor-widget__width-initial elementor-widget elementor-widget-text-editor\" data-id=\"f32ce50\" data-element_type=\"widget\" data-e-type=\"widget\" data-widget_type=\"text-editor.default\">\n\t\t\t\t<div class=\"elementor-widget-container\">\n\t\t\t\t\t\t\t\t\t<p class=\"p1\">\u0646\u062d\u0646 \u0646\u062d\u062a\u0644 \u0645\u0643\u0627\u0646\u0629 \u0631\u0627\u0626\u062f\u0629 \u0641\u064a \u0647\u0630\u0627 \u0627\u0644\u0642\u0637\u0627\u0639 \u0645\u0639 \u0633\u0646\u0648\u0627\u062a \u0645\u0646 \u0627\u0644\u062e\u0628\u0631\u0629. \u0646\u062d\u0646 \u0646\u0644\u0628\u064a \u062a\u0648\u0642\u0639\u0627\u062a \u0639\u0645\u0644\u0627\u0626\u0646\u0627 \u0628\u0634\u0643\u0644 \u0643\u0627\u0645\u0644 \u0645\u0646 \u062e\u0644\u0627\u0644 \u0641\u0631\u064a\u0642 \u0639\u0645\u0644\u0646\u0627 \u0627\u0644\u062e\u0628\u064a\u0631 \u0648\u0645\u0639\u0631\u0641\u062a\u0646\u0627 \u0627\u0644\u062d\u062f\u064a\u062b\u0629 \u0628\u0627\u0644\u0633\u0648\u0642. \u0631\u0636\u0627\u0643 \u0647\u0648 \u0623\u0648\u0644\u0648\u064a\u062a\u0646\u0627.<\/p>\t\t\t\t\t\t\t\t<\/div>\n\t\t\t\t<\/div>\n\t\t\t\t<div class=\"elementor-element elementor-element-37442e1 elementor-widget elementor-widget-spacer\" data-id=\"37442e1\" data-element_type=\"widget\" data-e-type=\"widget\" data-widget_type=\"spacer.default\">\n\t\t\t\t<div class=\"elementor-widget-container\">\n\t\t\t\t\t\t\t<div class=\"elementor-spacer\">\n\t\t\t<div class=\"elementor-spacer-inner\"><\/div>\n\t\t<\/div>\n\t\t\t\t\t\t<\/div>\n\t\t\t\t<\/div>\n\t\t\t\t<div class=\"elementor-element elementor-element-589f053 elementor-widget-tablet__width-initial elementor-widget elementor-widget-mh_stats_v2\" data-id=\"589f053\" data-element_type=\"widget\" data-e-type=\"widget\" data-widget_type=\"mh_stats_v2.default\">\n\t\t\t\t<div class=\"elementor-widget-container\">\n\t\t\t\t\t<div class=\"myhome-stats-v2\">\n            <div class=\"myhome-stats-v2__item\">\n            <div class=\"myhome-stats-v2__value\">\n                100+            <\/div>\n\n            <div class=\"myhome-stats-v2__label\">\n                \u0639\u0645\u0644\u0627\u0621 \u0633\u0639\u062f\u0627\u0621            <\/div>\n        <\/div>\n            <div class=\"myhome-stats-v2__item\">\n            <div class=\"myhome-stats-v2__value\">\n                50+            <\/div>\n\n            <div class=\"myhome-stats-v2__label\">\n                \u062a\u0642\u064a\u064a\u0645\u0627\u062a 5 \u0646\u062c\u0648\u0645            <\/div>\n        <\/div>\n            <div class=\"myhome-stats-v2__item\">\n            <div class=\"myhome-stats-v2__value\">\n                200+            <\/div>\n\n            <div class=\"myhome-stats-v2__label\">\n                \u0627\u0644\u0645\u0628\u064a\u0639\u0627\u062a \u0627\u0644\u0646\u0627\u062c\u062d\u0629            <\/div>\n        <\/div>\n            <div class=\"myhome-stats-v2__item\">\n            <div class=\"myhome-stats-v2__value\">\n                10+            <\/div>\n\n            <div class=\"myhome-stats-v2__label\">\n                \u0633\u0646\u0648\u0627\u062a \u0627\u0644\u062e\u0628\u0631\u0629            <\/div>\n        <\/div>\n    <\/div>\n\t\t\t\t<\/div>\n\t\t\t\t<\/div>\n\t\t\t\t\t<\/div>\n\t\t<\/div>\n\t\t\t\t<div class=\"elementor-column elementor-col-50 elementor-inner-column elementor-element elementor-element-dafe116\" data-id=\"dafe116\" data-element_type=\"column\" data-e-type=\"column\">\n\t\t\t<div class=\"elementor-widget-wrap elementor-element-populated\">\n\t\t\t\t\t\t<div class=\"elementor-element elementor-element-5a4a23b elementor-widget__width-initial elementor-widget elementor-widget-mh_contact_form\" data-id=\"5a4a23b\" data-element_type=\"widget\" data-e-type=\"widget\" data-widget_type=\"mh_contact_form.default\">\n\t\t\t\t<div class=\"elementor-widget-container\">\n\t\t\t\t\t<div class=\"myhome-contact-form-widget\">\n            <h3 class=\"myhome-contact-form-widget__label\">\n            \u0627\u062a\u0635\u0644 \u0628\u0646\u0627        <\/h3>\n    \n    <div class=\"myhome-contact-form-widget__form\">\n        \n<div class=\"wpcf7 no-js\" id=\"wpcf7-f12565-o1\" lang=\"en-US\" dir=\"ltr\" data-wpcf7-id=\"12565\">\n<div class=\"screen-reader-response\"><p role=\"status\" aria-live=\"polite\" aria-atomic=\"true\"><\/p> <ul><\/ul><\/div>\n<form action=\"\/ar\/wp-json\/wp\/v2\/pages\/7548#wpcf7-f12565-o1\" method=\"post\" class=\"wpcf7-form init\" aria-label=\"Contact form\" novalidate=\"novalidate\" data-status=\"init\" data-trp-original-action=\"\/ar\/wp-json\/wp\/v2\/pages\/7548#wpcf7-f12565-o1\">\n<fieldset class=\"hidden-fields-container\"><input type=\"hidden\" name=\"_wpcf7\" value=\"12565\" \/><input type=\"hidden\" name=\"_wpcf7_version\" value=\"6.1.5\" \/><input type=\"hidden\" name=\"_wpcf7_locale\" value=\"en_US\" \/><input type=\"hidden\" name=\"_wpcf7_unit_tag\" value=\"wpcf7-f12565-o1\" \/><input type=\"hidden\" name=\"_wpcf7_container_post\" value=\"0\" \/><input type=\"hidden\" name=\"_wpcf7_posted_data_hash\" value=\"\" \/>\n<\/fieldset>\n<label> \u0627\u0633\u0645\u0643 \u0648\u0644\u0642\u0628\u0643\n    <input size=\"40\" maxlength=\"400\" class=\"wpcf7-form-control wpcf7-text wpcf7-validates-as-required\" autocomplete=\"name\" aria-required=\"true\" aria-invalid=\"false\" placeholder=\"\" value=\"\" type=\"text\" name=\"your-name\" \/> <\/label>\n\n<label> \u0639\u0646\u0648\u0627\u0646 \u0628\u0631\u064a\u062f\u0643 \u0627\u0644\u0625\u0644\u0643\u062a\u0631\u0648\u0646\u064a\n    <input size=\"40\" maxlength=\"400\" class=\"wpcf7-form-control wpcf7-email wpcf7-validates-as-required wpcf7-text wpcf7-validates-as-email\" autocomplete=\"email\" aria-required=\"true\" aria-invalid=\"false\" placeholder=\"\" value=\"\" type=\"email\" name=\"your-email\" \/> <\/label>\n\n<label> \u0643\u064a\u0641 \u064a\u0645\u0643\u0646\u0646\u0627 \u0645\u0633\u0627\u0639\u062f\u062a\u0643\u061f\n    <textarea cols=\"40\" rows=\"10\" maxlength=\"2000\" class=\"wpcf7-form-control wpcf7-textarea\" aria-invalid=\"false\" placeholder=\"\" name=\"your-message\"><\/textarea> <\/label>\n\n<input class=\"wpcf7-form-control wpcf7-submit has-spinner\" type=\"submit\" value=\"\u0625\u0631\u0633\u0627\u0644\" \/><div class=\"wpcf7-response-output\" aria-hidden=\"true\"><\/div>\n<input type=\"hidden\" name=\"trp-form-language\" value=\"ar\"\/><\/form>\n<\/div>\n    <\/div>\n<\/div>\n\t\t\t\t<\/div>\n\t\t\t\t<\/div>\n\t\t\t\t\t<\/div>\n\t\t<\/div>\n\t\t\t\t\t<\/div>\n\t\t<\/section>\n\t\t\t\t<div class=\"elementor-element elementor-element-8ff6281 elementor-widget elementor-widget-spacer\" data-id=\"8ff6281\" data-element_type=\"widget\" data-e-type=\"widget\" data-widget_type=\"spacer.default\">\n\t\t\t\t<div class=\"elementor-widget-container\">\n\t\t\t\t\t\t\t<div class=\"elementor-spacer\">\n\t\t\t<div class=\"elementor-spacer-inner\"><\/div>\n\t\t<\/div>\n\t\t\t\t\t\t<\/div>\n\t\t\t\t<\/div>\n\t\t\t\t\t<\/div>\n\t\t<\/div>\n\t\t\t\t\t<\/div>\n\t\t<\/section>\n\t\t\t\t<\/div>","protected":false},"excerpt":{"rendered":"<p>Hakk\u0131m\u0131zda Hakk\u0131m\u0131zda Mega City Gayrimenkul Mega City Gayrimenkul olarak, y\u0131llar\u0131n verdi\u011fi tecr\u00fcbe ve m\u00fc\u015fteri memnuniyetine odakl\u0131 yakla\u015f\u0131m\u0131m\u0131zla gayrimenkul sekt\u00f6r\u00fcnde g\u00fcvenin adresi olmaktan gurur duyuyoruz. Konut, ticari m\u00fclk, arsa ve yat\u0131r\u0131m projeleri konusunda uzmanla\u015fm\u0131\u015f ekibimizle, hayallerinizi ger\u00e7e\u011fe d\u00f6n\u00fc\u015ft\u00fcrmek i\u00e7in \u00e7al\u0131\u015f\u0131yoruz. Mega City Gayrimenkul\u00a0olarak, yaln\u0131zca bir gayrimenkul dan\u0131\u015fman\u0131 de\u011fil, ayn\u0131 zamanda g\u00fcvenilir bir yol arkada\u015f\u0131 olmay\u0131 taahh\u00fct [&hellip;]<\/p>\n","protected":false},"author":1,"featured_media":0,"parent":0,"menu_order":0,"comment_status":"closed","ping_status":"closed","template":"","meta":{"footnotes":""},"class_list":["post-7548","page","type-page","status-publish","hentry"],"_links":{"self":[{"href":"https:\/\/megacity.com.tr\/ar\/wp-json\/wp\/v2\/pages\/7548","targetHints":{"allow":["GET"]}}],"collection":[{"href":"https:\/\/megacity.com.tr\/ar\/wp-json\/wp\/v2\/pages"}],"about":[{"href":"https:\/\/megacity.com.tr\/ar\/wp-json\/wp\/v2\/types\/page"}],"author":[{"embeddable":true,"href":"https:\/\/megacity.com.tr\/ar\/wp-json\/wp\/v2\/users\/1"}],"replies":[{"embeddable":true,"href":"https:\/\/megacity.com.tr\/ar\/wp-json\/wp\/v2\/comments?post=7548"}],"version-history":[{"count":7,"href":"https:\/\/megacity.com.tr\/ar\/wp-json\/wp\/v2\/pages\/7548\/revisions"}],"predecessor-version":[{"id":15983,"href":"https:\/\/megacity.com.tr\/ar\/wp-json\/wp\/v2\/pages\/7548\/revisions\/15983"}],"wp:attachment":[{"href":"https:\/\/megacity.com.tr\/ar\/wp-json\/wp\/v2\/media?parent=7548"}],"curies":[{"name":"wp","href":"https:\/\/api.w.org\/{rel}","templated":true}]}}