{"id":7162,"date":"2022-03-10T10:45:20","date_gmt":"2022-03-10T10:45:20","guid":{"rendered":"https:\/\/myhome1.tangiblewp.com\/?page_id=7162"},"modified":"2025-03-18T20:08:06","modified_gmt":"2025-03-18T17:08:06","slug":"iletisim","status":"publish","type":"page","link":"https:\/\/megacity.com.tr\/ar\/iletisim\/","title":{"rendered":"\u0627\u062a\u0635\u0644 \u0628\u0646\u0627"},"content":{"rendered":"<div data-elementor-type=\"wp-page\" data-elementor-id=\"7162\" class=\"elementor elementor-7162\">\n\t\t\t\t\t\t<section class=\"elementor-section elementor-top-section elementor-element elementor-element-2ffa3a8 elementor-section-boxed elementor-section-height-default elementor-section-height-default\" data-id=\"2ffa3a8\" data-element_type=\"section\" data-e-type=\"section\" data-settings=\"{&quot;background_background&quot;:&quot;classic&quot;}\">\n\t\t\t\t\t\t\t<div class=\"elementor-background-overlay\"><\/div>\n\t\t\t\t\t\t\t<div class=\"elementor-container elementor-column-gap-default\">\n\t\t\t\t\t<div class=\"elementor-column elementor-col-100 elementor-top-column elementor-element elementor-element-8d3cd54\" data-id=\"8d3cd54\" data-element_type=\"column\" data-e-type=\"column\">\n\t\t\t<div class=\"elementor-widget-wrap elementor-element-populated\">\n\t\t\t\t\t\t<div class=\"elementor-element elementor-element-b8fb6a3 elementor-widget elementor-widget-spacer\" data-id=\"b8fb6a3\" data-element_type=\"widget\" data-e-type=\"widget\" data-widget_type=\"spacer.default\">\n\t\t\t\t<div class=\"elementor-widget-container\">\n\t\t\t\t\t\t\t<div class=\"elementor-spacer\">\n\t\t\t<div class=\"elementor-spacer-inner\"><\/div>\n\t\t<\/div>\n\t\t\t\t\t\t<\/div>\n\t\t\t\t<\/div>\n\t\t\t\t<div class=\"elementor-element elementor-element-c35d89e elementor-widget elementor-widget-heading\" data-id=\"c35d89e\" data-element_type=\"widget\" data-e-type=\"widget\" data-widget_type=\"heading.default\">\n\t\t\t\t<div class=\"elementor-widget-container\">\n\t\t\t\t\t<h1 class=\"elementor-heading-title elementor-size-default\">\u0627\u062a\u0635\u0644 \u0628\u0646\u0627<\/h1>\t\t\t\t<\/div>\n\t\t\t\t<\/div>\n\t\t\t\t<div class=\"elementor-element elementor-element-d7fad95 elementor-widget elementor-widget-spacer\" data-id=\"d7fad95\" data-element_type=\"widget\" data-e-type=\"widget\" data-widget_type=\"spacer.default\">\n\t\t\t\t<div class=\"elementor-widget-container\">\n\t\t\t\t\t\t\t<div class=\"elementor-spacer\">\n\t\t\t<div class=\"elementor-spacer-inner\"><\/div>\n\t\t<\/div>\n\t\t\t\t\t\t<\/div>\n\t\t\t\t<\/div>\n\t\t\t\t\t<\/div>\n\t\t<\/div>\n\t\t\t\t\t<\/div>\n\t\t<\/section>\n\t\t\t\t<section class=\"elementor-section elementor-top-section elementor-element elementor-element-26b868b elementor-section-boxed elementor-section-height-default elementor-section-height-default\" data-id=\"26b868b\" data-element_type=\"section\" data-e-type=\"section\" data-settings=\"{&quot;background_background&quot;:&quot;classic&quot;}\">\n\t\t\t\t\t\t<div class=\"elementor-container elementor-column-gap-default\">\n\t\t\t\t\t<div class=\"elementor-column elementor-col-100 elementor-top-column elementor-element elementor-element-9b0216e\" data-id=\"9b0216e\" data-element_type=\"column\" data-e-type=\"column\">\n\t\t\t<div class=\"elementor-widget-wrap elementor-element-populated\">\n\t\t\t\t\t\t<div class=\"elementor-element elementor-element-1901eb1 elementor-widget elementor-widget-spacer\" data-id=\"1901eb1\" data-element_type=\"widget\" data-e-type=\"widget\" data-widget_type=\"spacer.default\">\n\t\t\t\t<div class=\"elementor-widget-container\">\n\t\t\t\t\t\t\t<div class=\"elementor-spacer\">\n\t\t\t<div class=\"elementor-spacer-inner\"><\/div>\n\t\t<\/div>\n\t\t\t\t\t\t<\/div>\n\t\t\t\t<\/div>\n\t\t\t\t<section class=\"elementor-section elementor-inner-section elementor-element elementor-element-c316991 elementor-section-boxed elementor-section-height-default elementor-section-height-default\" data-id=\"c316991\" data-element_type=\"section\" data-e-type=\"section\">\n\t\t\t\t\t\t<div class=\"elementor-container elementor-column-gap-default\">\n\t\t\t\t\t<div class=\"elementor-column elementor-col-50 elementor-inner-column elementor-element elementor-element-3baac82\" data-id=\"3baac82\" data-element_type=\"column\" data-e-type=\"column\" data-settings=\"{&quot;background_background&quot;:&quot;classic&quot;}\">\n\t\t\t<div class=\"elementor-widget-wrap elementor-element-populated\">\n\t\t\t\t\t\t<div class=\"elementor-element elementor-element-2829fec elementor-widget elementor-widget-spacer\" data-id=\"2829fec\" data-element_type=\"widget\" data-e-type=\"widget\" data-widget_type=\"spacer.default\">\n\t\t\t\t<div class=\"elementor-widget-container\">\n\t\t\t\t\t\t\t<div class=\"elementor-spacer\">\n\t\t\t<div class=\"elementor-spacer-inner\"><\/div>\n\t\t<\/div>\n\t\t\t\t\t\t<\/div>\n\t\t\t\t<\/div>\n\t\t\t\t<div class=\"elementor-element elementor-element-15ee8ce elementor-widget-mobile__width-initial elementor-widget elementor-widget-heading\" data-id=\"15ee8ce\" data-element_type=\"widget\" data-e-type=\"widget\" data-widget_type=\"heading.default\">\n\t\t\t\t<div class=\"elementor-widget-container\">\n\t\t\t\t\t<h3 class=\"elementor-heading-title elementor-size-default\">\u0627\u062a\u0635\u0644 \u0628\u0646\u0627<\/h3>\t\t\t\t<\/div>\n\t\t\t\t<\/div>\n\t\t\t\t<div class=\"elementor-element elementor-element-a568e5c elementor-widget elementor-widget-spacer\" data-id=\"a568e5c\" data-element_type=\"widget\" data-e-type=\"widget\" data-widget_type=\"spacer.default\">\n\t\t\t\t<div class=\"elementor-widget-container\">\n\t\t\t\t\t\t\t<div class=\"elementor-spacer\">\n\t\t\t<div class=\"elementor-spacer-inner\"><\/div>\n\t\t<\/div>\n\t\t\t\t\t\t<\/div>\n\t\t\t\t<\/div>\n\t\t\t\t<div class=\"elementor-element elementor-element-55c6dd3 elementor-widget elementor-widget-spacer\" data-id=\"55c6dd3\" data-element_type=\"widget\" data-e-type=\"widget\" data-widget_type=\"spacer.default\">\n\t\t\t\t<div class=\"elementor-widget-container\">\n\t\t\t\t\t\t\t<div class=\"elementor-spacer\">\n\t\t\t<div class=\"elementor-spacer-inner\"><\/div>\n\t\t<\/div>\n\t\t\t\t\t\t<\/div>\n\t\t\t\t<\/div>\n\t\t\t\t<div class=\"elementor-element elementor-element-eb771a9 elementor-widget-mobile__width-initial elementor-widget elementor-widget-mh_address\" data-id=\"eb771a9\" data-element_type=\"widget\" data-e-type=\"widget\" data-widget_type=\"mh_address.default\">\n\t\t\t\t<div class=\"elementor-widget-container\">\n\t\t\t\t\t<div class=\"myhome-address\">\n    <div class=\"myhome-small-data\">\n        <div class=\"myhome-small-data__icon\">\n            <div class=\"myhome-small-icon\">\n                <svg xmlns=\"http:\/\/www.w3.org\/2000\/svg\" viewbox=\"0 0 384 512\">\n                    <!--!Font Awesome Free 6.5.2 by @fontawesome - https:\/\/fontawesome.com License - https:\/\/fontawesome.com\/license\/free Copyright 2024 Fonticons, Inc.-->\n                    <path d=\"M215.7 499.2C267 435 384 279.4 384 192C384 86 298 0 192 0S0 86 0 192c0 87.4 117 243 168.3 307.2c12.3 15.3 35.1 15.3 47.4 0zM192 128a64 64 0 1 1 0 128 64 64 0 1 1 0-128z\"\/>\n                <\/svg>\n            <\/div>\n        <\/div>\n\n        <div class=\"myhome-small-data__value\">\n            \u0634\u0642\u0642 \u062c\u0648\u0645\u0647\u0648\u0631\u064a\u062a \u0645\u0627\u0647. \u0623\u0648\u0646\u0648\u0631 \u0633\u0648\u0643\u0627\u0643 \u062f\u0645\u064a\u0631 \u0631\u0648\u0645\u0627\u0646\u0633\u064a \u0633\u064a\u062a\u0633\u064a \u064a\u0627\u0642\u0648\u062a. \u0631\u0642\u0645: 12\/1 \u0627\u0644\u0628\u0627\u0628 \u0627\u0644\u062f\u0627\u062e\u0644\u064a \u0631\u0642\u0645: 3, 34520 \u0628\u064a\u0644\u064a\u0643 \u062f\u0648\u0632\u0648 \/ \u0625\u0633\u0637\u0646\u0628\u0648\u0644        <\/div>\n    <\/div>\n<\/div>\t\t\t\t<\/div>\n\t\t\t\t<\/div>\n\t\t\t\t<div class=\"elementor-element elementor-element-2d3c9c8 elementor-widget elementor-widget-spacer\" data-id=\"2d3c9c8\" data-element_type=\"widget\" data-e-type=\"widget\" data-widget_type=\"spacer.default\">\n\t\t\t\t<div class=\"elementor-widget-container\">\n\t\t\t\t\t\t\t<div class=\"elementor-spacer\">\n\t\t\t<div class=\"elementor-spacer-inner\"><\/div>\n\t\t<\/div>\n\t\t\t\t\t\t<\/div>\n\t\t\t\t<\/div>\n\t\t\t\t<div class=\"elementor-element elementor-element-b203929 elementor-widget elementor-widget-mh_phone\" data-id=\"b203929\" data-element_type=\"widget\" data-e-type=\"widget\" data-widget_type=\"mh_phone.default\">\n\t\t\t\t<div class=\"elementor-widget-container\">\n\t\t\t\t\t<div class=\"myhome-phone-wrapper\">\n    <div class=\"myhome-small-data\">\n        <div class=\"myhome-small-data__icon\">\n            <div class=\"myhome-small-icon\">\n                <svg xmlns=\"http:\/\/www.w3.org\/2000\/svg\" viewbox=\"0 0 384 512\">\n                    <!--!Font Awesome Free 6.5.2 by @fontawesome - https:\/\/fontawesome.com License - https:\/\/fontawesome.com\/license\/free Copyright 2024 Fonticons, Inc.-->\n                    <path d=\"M16 64C16 28.7 44.7 0 80 0H304c35.3 0 64 28.7 64 64V448c0 35.3-28.7 64-64 64H80c-35.3 0-64-28.7-64-64V64zM224 448a32 32 0 1 0 -64 0 32 32 0 1 0 64 0zM304 64H80V384H304V64z\"\/>\n                <\/svg>\n            <\/div>\n        <\/div>\n\n        <div class=\"myhome-small-data__value\">\n            <a\n                    class=\"myhome-phone\"\n                    href=\"tel:05541294321\"\n            >\n                0 (554) 129 43 21            <\/a>\n        <\/div>\n    <\/div>\n<\/div>\t\t\t\t<\/div>\n\t\t\t\t<\/div>\n\t\t\t\t<div class=\"elementor-element elementor-element-81b86bd elementor-widget elementor-widget-spacer\" data-id=\"81b86bd\" data-element_type=\"widget\" data-e-type=\"widget\" data-widget_type=\"spacer.default\">\n\t\t\t\t<div class=\"elementor-widget-container\">\n\t\t\t\t\t\t\t<div class=\"elementor-spacer\">\n\t\t\t<div class=\"elementor-spacer-inner\"><\/div>\n\t\t<\/div>\n\t\t\t\t\t\t<\/div>\n\t\t\t\t<\/div>\n\t\t\t\t<div class=\"elementor-element elementor-element-309a839 elementor-widget elementor-widget-mh_email\" data-id=\"309a839\" data-element_type=\"widget\" data-e-type=\"widget\" data-widget_type=\"mh_email.default\">\n\t\t\t\t<div class=\"elementor-widget-container\">\n\t\t\t\t\t<div class=\"myhome-email-wrapper\">\n    <div class=\"myhome-small-data\">\n        <div class=\"myhome-small-data__icon\">\n            <div class=\"myhome-small-icon\">\n                <svg xmlns=\"http:\/\/www.w3.org\/2000\/svg\" viewbox=\"0 0 512 512\">\n                    <!--!Font Awesome Free 6.5.2 by @fontawesome - https:\/\/fontawesome.com License - https:\/\/fontawesome.com\/license\/free Copyright 2024 Fonticons, Inc.-->\n                    <path d=\"M256 64C150 64 64 150 64 256s86 192 192 192c17.7 0 32 14.3 32 32s-14.3 32-32 32C114.6 512 0 397.4 0 256S114.6 0 256 0S512 114.6 512 256v32c0 53-43 96-96 96c-29.3 0-55.6-13.2-73.2-33.9C320 371.1 289.5 384 256 384c-70.7 0-128-57.3-128-128s57.3-128 128-128c27.9 0 53.7 8.9 74.7 24.1c5.7-5 13.1-8.1 21.3-8.1c17.7 0 32 14.3 32 32v80 32c0 17.7 14.3 32 32 32s32-14.3 32-32V256c0-106-86-192-192-192zm64 192a64 64 0 1 0 -128 0 64 64 0 1 0 128 0z\"\/>\n                <\/svg>\n            <\/div>\n        <\/div>\n\n        <div class=\"myhome-small-data__value\">\n            <a href=\"mailto:info@megacity.com.tr\" class=\"myhome-email\">\n                info@megacity.com.tr            <\/a>\n        <\/div>\n    <\/div>\n<\/div>\t\t\t\t<\/div>\n\t\t\t\t<\/div>\n\t\t\t\t<div class=\"elementor-element elementor-element-bec617e elementor-widget elementor-widget-spacer\" data-id=\"bec617e\" data-element_type=\"widget\" data-e-type=\"widget\" data-widget_type=\"spacer.default\">\n\t\t\t\t<div class=\"elementor-widget-container\">\n\t\t\t\t\t\t\t<div class=\"elementor-spacer\">\n\t\t\t<div class=\"elementor-spacer-inner\"><\/div>\n\t\t<\/div>\n\t\t\t\t\t\t<\/div>\n\t\t\t\t<\/div>\n\t\t\t\t\t<\/div>\n\t\t<\/div>\n\t\t\t\t<div class=\"elementor-column elementor-col-50 elementor-inner-column elementor-element elementor-element-ebf3db8\" data-id=\"ebf3db8\" data-element_type=\"column\" data-e-type=\"column\">\n\t\t\t<div class=\"elementor-widget-wrap elementor-element-populated\">\n\t\t\t\t\t\t<div class=\"elementor-element elementor-element-10d851e elementor-widget__width-initial elementor-widget elementor-widget-mh_contact_form\" data-id=\"10d851e\" data-element_type=\"widget\" data-e-type=\"widget\" data-widget_type=\"mh_contact_form.default\">\n\t\t\t\t<div class=\"elementor-widget-container\">\n\t\t\t\t\t<div class=\"myhome-contact-form-widget\">\n    \n    <div class=\"myhome-contact-form-widget__form\">\n        \n<div class=\"wpcf7 no-js\" id=\"wpcf7-f12565-o1\" lang=\"en-US\" dir=\"ltr\" data-wpcf7-id=\"12565\">\n<div class=\"screen-reader-response\"><p role=\"status\" aria-live=\"polite\" aria-atomic=\"true\"><\/p> <ul><\/ul><\/div>\n<form action=\"\/ar\/wp-json\/wp\/v2\/pages\/7162#wpcf7-f12565-o1\" method=\"post\" class=\"wpcf7-form init\" aria-label=\"Contact form\" novalidate=\"novalidate\" data-status=\"init\" data-trp-original-action=\"\/ar\/wp-json\/wp\/v2\/pages\/7162#wpcf7-f12565-o1\">\n<fieldset class=\"hidden-fields-container\"><input type=\"hidden\" name=\"_wpcf7\" value=\"12565\" \/><input type=\"hidden\" name=\"_wpcf7_version\" value=\"6.1.5\" \/><input type=\"hidden\" name=\"_wpcf7_locale\" value=\"en_US\" \/><input type=\"hidden\" name=\"_wpcf7_unit_tag\" value=\"wpcf7-f12565-o1\" \/><input type=\"hidden\" name=\"_wpcf7_container_post\" value=\"0\" \/><input type=\"hidden\" name=\"_wpcf7_posted_data_hash\" value=\"\" \/>\n<\/fieldset>\n<label> \u0627\u0633\u0645\u0643 \u0648\u0644\u0642\u0628\u0643\n    <input size=\"40\" maxlength=\"400\" class=\"wpcf7-form-control wpcf7-text wpcf7-validates-as-required\" autocomplete=\"name\" aria-required=\"true\" aria-invalid=\"false\" placeholder=\"\" value=\"\" type=\"text\" name=\"your-name\" \/> <\/label>\n\n<label> \u0639\u0646\u0648\u0627\u0646 \u0628\u0631\u064a\u062f\u0643 \u0627\u0644\u0625\u0644\u0643\u062a\u0631\u0648\u0646\u064a\n    <input size=\"40\" maxlength=\"400\" class=\"wpcf7-form-control wpcf7-email wpcf7-validates-as-required wpcf7-text wpcf7-validates-as-email\" autocomplete=\"email\" aria-required=\"true\" aria-invalid=\"false\" placeholder=\"\" value=\"\" type=\"email\" name=\"your-email\" \/> <\/label>\n\n<label> \u0643\u064a\u0641 \u064a\u0645\u0643\u0646\u0646\u0627 \u0645\u0633\u0627\u0639\u062f\u062a\u0643\u061f\n    <textarea cols=\"40\" rows=\"10\" maxlength=\"2000\" class=\"wpcf7-form-control wpcf7-textarea\" aria-invalid=\"false\" placeholder=\"\" name=\"your-message\"><\/textarea> <\/label>\n\n<input class=\"wpcf7-form-control wpcf7-submit has-spinner\" type=\"submit\" value=\"\u0625\u0631\u0633\u0627\u0644\" \/><div class=\"wpcf7-response-output\" aria-hidden=\"true\"><\/div>\n<input type=\"hidden\" name=\"trp-form-language\" value=\"ar\"\/><\/form>\n<\/div>\n    <\/div>\n<\/div>\n\t\t\t\t<\/div>\n\t\t\t\t<\/div>\n\t\t\t\t\t<\/div>\n\t\t<\/div>\n\t\t\t\t\t<\/div>\n\t\t<\/section>\n\t\t\t\t<div class=\"elementor-element elementor-element-0a93b95 elementor-widget elementor-widget-spacer\" data-id=\"0a93b95\" data-element_type=\"widget\" data-e-type=\"widget\" data-widget_type=\"spacer.default\">\n\t\t\t\t<div class=\"elementor-widget-container\">\n\t\t\t\t\t\t\t<div class=\"elementor-spacer\">\n\t\t\t<div class=\"elementor-spacer-inner\"><\/div>\n\t\t<\/div>\n\t\t\t\t\t\t<\/div>\n\t\t\t\t<\/div>\n\t\t\t\t\t<\/div>\n\t\t<\/div>\n\t\t\t\t\t<\/div>\n\t\t<\/section>\n\t\t\t\t<section class=\"elementor-section elementor-top-section elementor-element elementor-element-0fa9910 elementor-section-full_width elementor-section-height-default elementor-section-height-default\" data-id=\"0fa9910\" data-element_type=\"section\" data-e-type=\"section\">\n\t\t\t\t\t\t<div class=\"elementor-container elementor-column-gap-no\">\n\t\t\t\t\t<div class=\"elementor-column elementor-col-100 elementor-top-column elementor-element elementor-element-327d5d1\" data-id=\"327d5d1\" data-element_type=\"column\" data-e-type=\"column\">\n\t\t\t<div class=\"elementor-widget-wrap elementor-element-populated\">\n\t\t\t\t\t\t<div class=\"elementor-element elementor-element-ef0dfff elementor-widget elementor-widget-mh_map\" data-id=\"ef0dfff\" data-element_type=\"widget\" data-e-type=\"widget\" data-widget_type=\"mh_map.default\">\n\t\t\t\t<div class=\"elementor-widget-container\">\n\t\t\t\t\t<div class=\"myhome-app\">\n            <mh-simple-google-map\n                map-id=\"myhome-map-ef0dfff\"\n                map-type=\"roadmap\"\n                :position=\"{&quot;lat&quot;:41.013432032575416,&quot;lng&quot;:28.635810842835685}\"\n                :zoom=\"14\"\n                marker-type=\"classic\"\n                marker-id=\"myhome-map-marker-ef0dfff\"\n                icon=\"\"\n        >\n            <div slot-scope=\"props\">\n                <div\n                        id=\"myhome-map-ef0dfff\"\n                        class=\"myhome-map\"\n                ><\/div>\n\n                <div class=\"myhome-map-marker-hide\">\n                                    <\/div>\n            <\/div>\n        <\/mh-simple-google-map>\n    \n    <\/div>\n\t\t\t\t<\/div>\n\t\t\t\t<\/div>\n\t\t\t\t\t<\/div>\n\t\t<\/div>\n\t\t\t\t\t<\/div>\n\t\t<\/section>\n\t\t\t\t<\/div>","protected":false},"excerpt":{"rendered":"<p>\u0130leti\u015fim Bizimle \u0130leti\u015fime Ge\u00e7in Cumhuriyet Mah. Onur Sokak Demir Romance Sitesi Yakut Apt. No:12\/1 \u0130\u00e7 Kap\u0131 No:3, 34520 Beylikd\u00fcz\u00fc \/ \u0130stanbul 0 (554) 129 43 21 info@megacity.com.tr Ad\u0131n\u0131z ve Soyad\u0131n\u0131z E-Posta Adresiniz Nas\u0131l Yard\u0131mc\u0131 Olabiliriz?<\/p>","protected":false},"author":1,"featured_media":0,"parent":0,"menu_order":0,"comment_status":"closed","ping_status":"closed","template":"","meta":{"footnotes":""},"class_list":["post-7162","page","type-page","status-publish","hentry"],"_links":{"self":[{"href":"https:\/\/megacity.com.tr\/ar\/wp-json\/wp\/v2\/pages\/7162","targetHints":{"allow":["GET"]}}],"collection":[{"href":"https:\/\/megacity.com.tr\/ar\/wp-json\/wp\/v2\/pages"}],"about":[{"href":"https:\/\/megacity.com.tr\/ar\/wp-json\/wp\/v2\/types\/page"}],"author":[{"embeddable":true,"href":"https:\/\/megacity.com.tr\/ar\/wp-json\/wp\/v2\/users\/1"}],"replies":[{"embeddable":true,"href":"https:\/\/megacity.com.tr\/ar\/wp-json\/wp\/v2\/comments?post=7162"}],"version-history":[{"count":7,"href":"https:\/\/megacity.com.tr\/ar\/wp-json\/wp\/v2\/pages\/7162\/revisions"}],"predecessor-version":[{"id":17625,"href":"https:\/\/megacity.com.tr\/ar\/wp-json\/wp\/v2\/pages\/7162\/revisions\/17625"}],"wp:attachment":[{"href":"https:\/\/megacity.com.tr\/ar\/wp-json\/wp\/v2\/media?parent=7162"}],"curies":[{"name":"wp","href":"https:\/\/api.w.org\/{rel}","templated":true}]}}